{"id":1744,"date":"2019-07-16T14:27:32","date_gmt":"2019-07-16T14:27:32","guid":{"rendered":"https:\/\/yoteesperoboattrips.com\/terms-and-conditions"},"modified":"2024-03-12T12:07:52","modified_gmt":"2024-03-12T12:07:52","slug":"terms-and-conditions","status":"publish","type":"page","link":"https:\/\/yoteesperoboattrips.com\/en\/terms-and-conditions\/","title":{"rendered":"Terms and Conditions"},"content":{"rendered":"<p style=\"text-align: justify;\">Para garantizar la seguridad de los pasajeros, la <strong>Embarcaci\u00f3n Yo te Espero<\/strong> cuenta con:<\/p>\n<ul style=\"text-align: justify;\">\n<li>Seguro de la embarcaci\u00f3n.<\/li>\n<li>Seguro de los pasajeros.<\/li>\n<li>Tripulaci\u00f3n con titulaciones obligatorias.<\/li>\n<li>Materiales y equipos de salvamento y seguridad.<\/li>\n<\/ul>\n<p style=\"text-align: justify;\">La Embarcaci\u00f3n Yo te Espero cuenta con todos los seguros necesarios y obligatorios para garantizar la seguridad de sus pasajeros. Su tripulaci\u00f3n cuenta con las titulaciones necesarias para la prestaci\u00f3n del servicio. Adem\u00e1s, el servicio incluye una consumici\u00f3n a bordo, una plaza a bordo del barco, acceso al WC. La comida no est\u00e1 incluida, pero se permite traerla del exterior.<\/p>\n<p style=\"text-align: justify;\">Las salidas a mar abierto est\u00e1n condicionadas por las condiciones meteorol\u00f3gicas, \u00e9stas deben ser favorables para garantizar la seguridad de los pasajeros. La embarcaci\u00f3n Yo te Espero se reserva el derecho de cancelar la salida si las condiciones meteorol\u00f3gicas son desfavorables. En este caso, se le dar\u00e1 al cliente la opci\u00f3n de devoluci\u00f3n del importe o la posibilidad de realizar el viaje en otro momento cuando las condiciones lo permitan y el cliente tenga disponibilidad.<\/p>\n<p style=\"text-align: justify;\">En cuanto al avistamiento de cet\u00e1ceos, aunque la probabilidad es alta, no es posible garantizarlo, ya que son animales salvajes en su h\u00e1bitat natural.<\/p>\n<p style=\"text-align: justify;\">El ba\u00f1o en el mar es un servicio sujeto a las condiciones meteorol\u00f3gicas favorables, siendo el capit\u00e1n del barco quien autorice dicha actividad si las condiciones lo permiten.<\/p>\n<p style=\"text-align: justify;\">Queda prohibido el acceso a zonas privadas de la embarcaci\u00f3n.<\/p>\n<p style=\"text-align: justify;\"><strong>Reserva y contrataci\u00f3n para grupos privados:<\/strong><\/p>\n<ul style=\"text-align: justify;\">\n<li>La reserva solo estar\u00e1 confirmada cuando se haya realizado el abono del dep\u00f3sito del 50% del valor total.<\/li>\n<li>Anulaciones por motivos ajenos a la empresa o a las condiciones meteorol\u00f3gicas y mar\u00edtimas adversas: En caso de que la reserva sea anulada por parte del cliente, \u00fanicamente se har\u00e1 la devoluci\u00f3n total del importe abonado si se anula con 48 horas de antelaci\u00f3n a la fecha de prestaci\u00f3n del servicio. Si se anula con menos de 48 horas de antelaci\u00f3n, se perder\u00e1 el importe abonado como reserva, la empresa no realizar\u00e1 la devoluci\u00f3n del dep\u00f3sito abonado.<\/li>\n<li>Anulaciones por parte de la empresa o por condiciones meteorol\u00f3gicas y\/o mar\u00edtimas adversas: se har\u00e1 la devoluci\u00f3n total del importe abonado.<\/li>\n<li>Retraso al embarque por motivos ajenos a la empresa o al tiempo: en caso de que el retraso al embarque sea por parte del cliente, el horario contratado no ser\u00e1 modificado siendo el tiempo de retraso descontado del tiempo de navegaci\u00f3n.<\/li>\n<\/ul>\n<p style=\"text-align: justify;\"><strong>Reserva y contrataci\u00f3n para salidas abiertas al p\u00fablico general:<\/strong><\/p>\n<ul>\n<li style=\"text-align: justify;\">Anulaciones por motivos ajenos a la empresa o a las condiciones meteorol\u00f3gicas y\/o mar\u00edtimas adversas: en caso de que la reserva sea anulada por parte del cliente, no se realizar\u00e1 la devoluci\u00f3n del importe abonado, solo se podr\u00e1 hacer el cambio por otra hora de salida.<\/li>\n<li style=\"text-align: justify;\">Anulaciones por parte de la empresa o las condiciones meteorol\u00f3gicas y\/o mar\u00edtimas adversas: se har\u00e1 la devoluci\u00f3n total del importe abonado.<\/li>\n<li style=\"text-align: justify;\">Retraso al embarque por motivos ajenos a la empresa o al tiempo: en caso de que el cliente no se presente a la hora del embarque contratada, se podr\u00e1 hacer el cambio para otra hora del mismo d\u00eda, siempre y cuando haya disponibilidad en las dem\u00e1s salidas del mismo d\u00eda, no siendo posible cambiarlo para otra fecha. En caso de que no exista disponibilidad no se realizar\u00e1 la devoluci\u00f3n del dinero.<\/li>\n<li style=\"text-align: justify;\">Retraso al embarque por parte de la empresa: en caso de que exista un retraso superior a media hora al embarque por parte de la empresa, el cliente podr\u00e1 anular su ticket y solicitar la devoluci\u00f3n del importe abonado.<\/li>\n<\/ul>\n","protected":false},"excerpt":{"rendered":"<p>Para garantizar la seguridad de los pasajeros, la Embarcaci\u00f3n Yo te Espero cuenta con: Seguro de la embarcaci\u00f3n. Seguro de los pasajeros. Tripulaci\u00f3n con titulaciones obligatorias. Materiales y equipos de salvamento y seguridad. La Embarcaci\u00f3n Yo te Espero cuenta con todos los seguros necesarios y obligatorios para garantizar la seguridad de sus pasajeros. Su tripulaci\u00f3n [&hellip;]<\/p>\n","protected":false},"author":3,"featured_media":0,"parent":0,"menu_order":0,"comment_status":"closed","ping_status":"closed","template":"","meta":{"footnotes":""},"class_list":["post-1744","page","type-page","status-publish","hentry"],"yoast_head":"<!-- This site is optimized with the Yoast SEO plugin v27.1.1 - https:\/\/yoast.com\/product\/yoast-seo-wordpress\/ -->\n<title>\u25b7Terms and Conditions - Yo te espero<\/title>\n<meta name=\"robots\" content=\"noindex, nofollow\" \/>\n<meta property=\"og:locale\" content=\"en_US\" \/>\n<meta property=\"og:type\" content=\"article\" \/>\n<meta property=\"og:title\" content=\"\u25b7Terms and Conditions - Yo te espero\" \/>\n<meta property=\"og:description\" content=\"Para garantizar la seguridad de los pasajeros, la Embarcaci\u00f3n Yo te Espero cuenta con: Seguro de la embarcaci\u00f3n. Seguro de los pasajeros. Tripulaci\u00f3n con titulaciones obligatorias. Materiales y equipos de salvamento y seguridad. La Embarcaci\u00f3n Yo te Espero cuenta con todos los seguros necesarios y obligatorios para garantizar la seguridad de sus pasajeros. Su tripulaci\u00f3n [&hellip;]\" \/>\n<meta property=\"og:url\" content=\"https:\/\/yoteesperoboattrips.com\/en\/terms-and-conditions\/\" \/>\n<meta property=\"og:site_name\" content=\"Yo te espero\" \/>\n<meta property=\"article:modified_time\" content=\"2024-03-12T12:07:52+00:00\" \/>\n<meta property=\"og:image\" content=\"https:\/\/yoteesperoboattrips.com\/wp-content\/uploads\/2026\/02\/Logo-Yo-te-Espero-1200x675-1.jpg\" \/>\n\t<meta property=\"og:image:width\" content=\"1200\" \/>\n\t<meta property=\"og:image:height\" content=\"675\" \/>\n\t<meta property=\"og:image:type\" content=\"image\/jpeg\" \/>\n<meta name=\"twitter:card\" content=\"summary_large_image\" \/>\n<meta name=\"twitter:label1\" content=\"Est. reading time\" \/>\n\t<meta name=\"twitter:data1\" content=\"3 minutes\" \/>\n<script type=\"application\/ld+json\" class=\"yoast-schema-graph\">{\"@context\":\"https:\/\/schema.org\",\"@graph\":[{\"@type\":\"WebPage\",\"@id\":\"https:\/\/yoteesperoboattrips.com\/en\/terms-and-conditions\/\",\"url\":\"https:\/\/yoteesperoboattrips.com\/en\/terms-and-conditions\/\",\"name\":\"\u25b7Terms and Conditions - Yo te espero\",\"isPartOf\":{\"@id\":\"https:\/\/yoteesperoboattrips.com\/en\/#website\"},\"datePublished\":\"2019-07-16T14:27:32+00:00\",\"dateModified\":\"2024-03-12T12:07:52+00:00\",\"breadcrumb\":{\"@id\":\"https:\/\/yoteesperoboattrips.com\/en\/terms-and-conditions\/#breadcrumb\"},\"inLanguage\":\"en-US\",\"potentialAction\":[{\"@type\":\"ReadAction\",\"target\":[\"https:\/\/yoteesperoboattrips.com\/en\/terms-and-conditions\/\"]}]},{\"@type\":\"BreadcrumbList\",\"@id\":\"https:\/\/yoteesperoboattrips.com\/en\/terms-and-conditions\/#breadcrumb\",\"itemListElement\":[{\"@type\":\"ListItem\",\"position\":1,\"name\":\"Portada\",\"item\":\"https:\/\/yoteesperoboattrips.com\/en\/\"},{\"@type\":\"ListItem\",\"position\":2,\"name\":\"Terms and Conditions\"}]},{\"@type\":\"WebSite\",\"@id\":\"https:\/\/yoteesperoboattrips.com\/en\/#website\",\"url\":\"https:\/\/yoteesperoboattrips.com\/en\/\",\"name\":\"Barco Yo Te Espero\",\"description\":\"Paseos y pesca deportiva en barco en Benalm\u00e1dena\",\"publisher\":{\"@id\":\"https:\/\/yoteesperoboattrips.com\/en\/#organization\"},\"alternateName\":\"Yo Te Espero Fishing and Boat Trips\",\"potentialAction\":[{\"@type\":\"SearchAction\",\"target\":{\"@type\":\"EntryPoint\",\"urlTemplate\":\"https:\/\/yoteesperoboattrips.com\/en\/?s={search_term_string}\"},\"query-input\":{\"@type\":\"PropertyValueSpecification\",\"valueRequired\":true,\"valueName\":\"search_term_string\"}}],\"inLanguage\":\"en-US\"},{\"@type\":\"Organization\",\"@id\":\"https:\/\/yoteesperoboattrips.com\/en\/#organization\",\"name\":\"Barco Yo te Espero Boat Trips\",\"alternateName\":\"Embarcaci\u00f3n Yo te Espero Fishing and Boat Trips\",\"url\":\"https:\/\/yoteesperoboattrips.com\/en\/\",\"logo\":{\"@type\":\"ImageObject\",\"inLanguage\":\"en-US\",\"@id\":\"https:\/\/yoteesperoboattrips.com\/en\/#\/schema\/logo\/image\/\",\"url\":\"https:\/\/yoteesperoboattrips.com\/wp-content\/uploads\/2026\/02\/Logo-Yo-te-Espero-696x696-1.jpg\",\"contentUrl\":\"https:\/\/yoteesperoboattrips.com\/wp-content\/uploads\/2026\/02\/Logo-Yo-te-Espero-696x696-1.jpg\",\"width\":696,\"height\":696,\"caption\":\"Barco Yo te Espero Boat Trips\"},\"image\":{\"@id\":\"https:\/\/yoteesperoboattrips.com\/en\/#\/schema\/logo\/image\/\"}}]}<\/script>\n<!-- \/ Yoast SEO plugin. -->","yoast_head_json":{"title":"\u25b7Terms and Conditions - Yo te espero","robots":{"index":"noindex","follow":"nofollow"},"og_locale":"en_US","og_type":"article","og_title":"\u25b7Terms and Conditions - Yo te espero","og_description":"Para garantizar la seguridad de los pasajeros, la Embarcaci\u00f3n Yo te Espero cuenta con: Seguro de la embarcaci\u00f3n. Seguro de los pasajeros. Tripulaci\u00f3n con titulaciones obligatorias. Materiales y equipos de salvamento y seguridad. La Embarcaci\u00f3n Yo te Espero cuenta con todos los seguros necesarios y obligatorios para garantizar la seguridad de sus pasajeros. Su tripulaci\u00f3n [&hellip;]","og_url":"https:\/\/yoteesperoboattrips.com\/en\/terms-and-conditions\/","og_site_name":"Yo te espero","article_modified_time":"2024-03-12T12:07:52+00:00","og_image":[{"width":1200,"height":675,"url":"https:\/\/yoteesperoboattrips.com\/wp-content\/uploads\/2026\/02\/Logo-Yo-te-Espero-1200x675-1.jpg","type":"image\/jpeg"}],"twitter_card":"summary_large_image","twitter_misc":{"Est. reading time":"3 minutes"},"schema":{"@context":"https:\/\/schema.org","@graph":[{"@type":"WebPage","@id":"https:\/\/yoteesperoboattrips.com\/en\/terms-and-conditions\/","url":"https:\/\/yoteesperoboattrips.com\/en\/terms-and-conditions\/","name":"\u25b7Terms and Conditions - Yo te espero","isPartOf":{"@id":"https:\/\/yoteesperoboattrips.com\/en\/#website"},"datePublished":"2019-07-16T14:27:32+00:00","dateModified":"2024-03-12T12:07:52+00:00","breadcrumb":{"@id":"https:\/\/yoteesperoboattrips.com\/en\/terms-and-conditions\/#breadcrumb"},"inLanguage":"en-US","potentialAction":[{"@type":"ReadAction","target":["https:\/\/yoteesperoboattrips.com\/en\/terms-and-conditions\/"]}]},{"@type":"BreadcrumbList","@id":"https:\/\/yoteesperoboattrips.com\/en\/terms-and-conditions\/#breadcrumb","itemListElement":[{"@type":"ListItem","position":1,"name":"Portada","item":"https:\/\/yoteesperoboattrips.com\/en\/"},{"@type":"ListItem","position":2,"name":"Terms and Conditions"}]},{"@type":"WebSite","@id":"https:\/\/yoteesperoboattrips.com\/en\/#website","url":"https:\/\/yoteesperoboattrips.com\/en\/","name":"Barco Yo Te Espero","description":"Paseos y pesca deportiva en barco en Benalm\u00e1dena","publisher":{"@id":"https:\/\/yoteesperoboattrips.com\/en\/#organization"},"alternateName":"Yo Te Espero Fishing and Boat Trips","potentialAction":[{"@type":"SearchAction","target":{"@type":"EntryPoint","urlTemplate":"https:\/\/yoteesperoboattrips.com\/en\/?s={search_term_string}"},"query-input":{"@type":"PropertyValueSpecification","valueRequired":true,"valueName":"search_term_string"}}],"inLanguage":"en-US"},{"@type":"Organization","@id":"https:\/\/yoteesperoboattrips.com\/en\/#organization","name":"Barco Yo te Espero Boat Trips","alternateName":"Embarcaci\u00f3n Yo te Espero Fishing and Boat Trips","url":"https:\/\/yoteesperoboattrips.com\/en\/","logo":{"@type":"ImageObject","inLanguage":"en-US","@id":"https:\/\/yoteesperoboattrips.com\/en\/#\/schema\/logo\/image\/","url":"https:\/\/yoteesperoboattrips.com\/wp-content\/uploads\/2026\/02\/Logo-Yo-te-Espero-696x696-1.jpg","contentUrl":"https:\/\/yoteesperoboattrips.com\/wp-content\/uploads\/2026\/02\/Logo-Yo-te-Espero-696x696-1.jpg","width":696,"height":696,"caption":"Barco Yo te Espero Boat Trips"},"image":{"@id":"https:\/\/yoteesperoboattrips.com\/en\/#\/schema\/logo\/image\/"}}]}},"_links":{"self":[{"href":"https:\/\/yoteesperoboattrips.com\/en\/wp-json\/wp\/v2\/pages\/1744","targetHints":{"allow":["GET"]}}],"collection":[{"href":"https:\/\/yoteesperoboattrips.com\/en\/wp-json\/wp\/v2\/pages"}],"about":[{"href":"https:\/\/yoteesperoboattrips.com\/en\/wp-json\/wp\/v2\/types\/page"}],"author":[{"embeddable":true,"href":"https:\/\/yoteesperoboattrips.com\/en\/wp-json\/wp\/v2\/users\/3"}],"replies":[{"embeddable":true,"href":"https:\/\/yoteesperoboattrips.com\/en\/wp-json\/wp\/v2\/comments?post=1744"}],"version-history":[{"count":9,"href":"https:\/\/yoteesperoboattrips.com\/en\/wp-json\/wp\/v2\/pages\/1744\/revisions"}],"predecessor-version":[{"id":2291,"href":"https:\/\/yoteesperoboattrips.com\/en\/wp-json\/wp\/v2\/pages\/1744\/revisions\/2291"}],"wp:attachment":[{"href":"https:\/\/yoteesperoboattrips.com\/en\/wp-json\/wp\/v2\/media?parent=1744"}],"curies":[{"name":"wp","href":"https:\/\/api.w.org\/{rel}","templated":true}]}}